{"id":7302,"date":"2024-10-03T08:37:12","date_gmt":"2024-10-03T06:37:12","guid":{"rendered":"https:\/\/nova-vineyards.fr\/?page_id=7302"},"modified":"2024-10-03T08:39:48","modified_gmt":"2024-10-03T06:39:48","slug":"qui-sommes-nous-2","status":"publish","type":"page","link":"https:\/\/nova-vineyards.fr\/index.php\/home-novav\/qui-sommes-nous-2\/","title":{"rendered":"Qui sommes-nous 2"},"content":{"rendered":"\t\t<div data-elementor-type=\"wp-page\" data-elementor-id=\"7302\" class=\"elementor elementor-7302\">\n\t\t\t\t\t\t<div class=\"elementor-section elementor-top-section elementor-element elementor-element-43c1177 elementor-section-full_width elementor-section-stretched elementor-section-height-min-height elementor-section-height-default elementor-section-items-middle\" data-id=\"43c1177\" data-element_type=\"section\" data-settings=\"{&quot;stretch_section&quot;:&quot;section-stretched&quot;,&quot;background_background&quot;:&quot;classic&quot;}\">\n\t\t\t\t\t\t<div class=\"elementor-container elementor-column-gap-no\">\n\t\t\t\t\t<div class=\"elementor-column elementor-col-100 elementor-top-column elementor-element elementor-element-5bdf13c\" data-id=\"5bdf13c\" data-element_type=\"column\">\n\t\t\t<div class=\"elementor-widget-wrap\">\n\t\t\t\t\t\t\t<\/div>\n\t\t<\/div>\n\t\t\t\t\t<\/div>\n\t\t<\/div>\n\t\t\t\t<div class=\"elementor-section elementor-top-section elementor-element elementor-element-f912446 elementor-section-stretched elementor-section-boxed elementor-section-height-default elementor-section-height-default\" data-id=\"f912446\" data-element_type=\"section\" data-settings=\"{&quot;stretch_section&quot;:&quot;section-stretched&quot;}\">\n\t\t\t\t\t\t<div class=\"elementor-container elementor-column-gap-no\">\n\t\t\t\t\t<div class=\"elementor-column elementor-col-100 elementor-top-column elementor-element elementor-element-61c4489\" data-id=\"61c4489\" data-element_type=\"column\">\n\t\t\t<div class=\"elementor-widget-wrap elementor-element-populated\">\n\t\t\t\t\t\t<section class=\"elementor-section elementor-inner-section elementor-element elementor-element-2b805eb elementor-section-boxed elementor-section-height-default elementor-section-height-default\" data-id=\"2b805eb\" data-element_type=\"section\">\n\t\t\t\t\t\t<div class=\"elementor-container elementor-column-gap-default\">\n\t\t\t\t\t<div class=\"elementor-column elementor-col-100 elementor-inner-column elementor-element elementor-element-7cfbd6b\" data-id=\"7cfbd6b\" data-element_type=\"column\">\n\t\t\t<div class=\"elementor-widget-wrap\">\n\t\t\t\t\t\t\t<\/div>\n\t\t<\/div>\n\t\t\t\t\t<\/div>\n\t\t<\/section>\n\t\t\t\t<div class=\"elementor-element elementor-element-2fc2512 elementor-widget elementor-widget-heading\" data-id=\"2fc2512\" data-element_type=\"widget\" data-widget_type=\"heading.default\">\n\t\t\t\t<div class=\"elementor-widget-container\">\n\t\t\t<h2 class=\"elementor-heading-title elementor-size-default\">NOVA Vineyards <\/h2>\t\t<\/div>\n\t\t\t\t<\/div>\n\t\t\t\t<div class=\"elementor-element elementor-element-1ef8915 elementor-widget elementor-widget-heading\" data-id=\"1ef8915\" data-element_type=\"widget\" data-widget_type=\"heading.default\">\n\t\t\t\t<div class=\"elementor-widget-container\">\n\t\t\t<h2 class=\"elementor-heading-title elementor-size-default\">Une histoire d\u2019Hommes, de Femmes, <br>de Terroirs et de D\u00e9fis<\/h2>\t\t<\/div>\n\t\t\t\t<\/div>\n\t\t\t\t<div class=\"elementor-element elementor-element-99da27d elementor-widget elementor-widget-image\" data-id=\"99da27d\" data-element_type=\"widget\" data-widget_type=\"image.default\">\n\t\t\t\t<div class=\"elementor-widget-container\">\n\t\t\t\t\t\t\t\t\t\t\t\t\t<img decoding=\"async\" src=\"https:\/\/demo2wpopal.b-cdn.net\/bodoni\/wp-content\/uploads\/2021\/07\/vector.png\" title=\"\" alt=\"\" loading=\"lazy\" \/>\t\t\t\t\t\t\t\t\t\t\t\t\t<\/div>\n\t\t\t\t<\/div>\n\t\t\t\t<div class=\"elementor-element elementor-element-926f7cf elementor-widget elementor-widget-text-editor\" data-id=\"926f7cf\" data-element_type=\"widget\" data-widget_type=\"text-editor.default\">\n\t\t\t\t<div class=\"elementor-widget-container\">\n\t\t\t\t\t\t\t<h5 style=\"text-align: left;\">Nous sommes avant tout des viticulteurs et propri\u00e9taires sur Bordeaux en appellation Saint-Est\u00e8phe et Lalande de Pomerol. Notre projet cherche \u00e0 r\u00e9pondre aux questions et demandes de nos clients.<\/h5><h5 style=\"text-align: left;\">Aujourd&rsquo;hui, il est indispensable de pouvoir apporter des garanties d&rsquo;origine, de suivi, de qualit\u00e9, mais aussi de logistique, de souplesse et de r\u00e9activit\u00e9.<\/h5>\t\t\t\t\t\t<\/div>\n\t\t\t\t<\/div>\n\t\t\t\t<section class=\"elementor-section elementor-inner-section elementor-element elementor-element-c2495ad elementor-section-boxed elementor-section-height-default elementor-section-height-default\" data-id=\"c2495ad\" data-element_type=\"section\">\n\t\t\t\t\t\t<div class=\"elementor-container elementor-column-gap-default\">\n\t\t\t\t\t<div class=\"elementor-column elementor-col-100 elementor-inner-column elementor-element elementor-element-69b8d31\" data-id=\"69b8d31\" data-element_type=\"column\">\n\t\t\t<div class=\"elementor-widget-wrap elementor-element-populated\">\n\t\t\t\t\t\t<div class=\"elementor-element elementor-element-6e1c5fb elementor-widget elementor-widget-heading\" data-id=\"6e1c5fb\" data-element_type=\"widget\" data-widget_type=\"heading.default\">\n\t\t\t\t<div class=\"elementor-widget-container\">\n\t\t\t<h2 class=\"elementor-heading-title elementor-size-default\">A la recherche de Terroirs d\u2019Exception<\/h2>\t\t<\/div>\n\t\t\t\t<\/div>\n\t\t\t\t<div class=\"elementor-element elementor-element-9ec5963 elementor-widget elementor-widget-image\" data-id=\"9ec5963\" data-element_type=\"widget\" data-widget_type=\"image.default\">\n\t\t\t\t<div class=\"elementor-widget-container\">\n\t\t\t\t\t\t\t\t\t\t\t\t\t<img decoding=\"async\" src=\"https:\/\/demo2wpopal.b-cdn.net\/bodoni\/wp-content\/uploads\/2021\/07\/vector.png\" title=\"\" alt=\"\" loading=\"lazy\" \/>\t\t\t\t\t\t\t\t\t\t\t\t\t<\/div>\n\t\t\t\t<\/div>\n\t\t\t\t\t<\/div>\n\t\t<\/div>\n\t\t\t\t\t<\/div>\n\t\t<\/section>\n\t\t\t\t<section class=\"elementor-section elementor-inner-section elementor-element elementor-element-6829210 elementor-section-boxed elementor-section-height-default elementor-section-height-default\" data-id=\"6829210\" data-element_type=\"section\">\n\t\t\t\t\t\t<div class=\"elementor-container elementor-column-gap-default\">\n\t\t\t\t\t<div class=\"elementor-column elementor-col-50 elementor-inner-column elementor-element elementor-element-ca34bfb\" data-id=\"ca34bfb\" data-element_type=\"column\">\n\t\t\t<div class=\"elementor-widget-wrap elementor-element-populated\">\n\t\t\t\t\t\t<div class=\"elementor-element elementor-element-ebc5f42 elementor-widget elementor-widget-text-editor\" data-id=\"ebc5f42\" data-element_type=\"widget\" data-widget_type=\"text-editor.default\">\n\t\t\t\t<div class=\"elementor-widget-container\">\n\t\t\t\t\t\t\t<p>Notre volont\u00e9 premi\u00e8re, qui nous guide encore aujourd\u2019hui, est de pouvoir sublimer les diff\u00e9rents terroirs qui composent nos vignobles. Fort de notre personnel technique, nous mettons tout en \u0153uvre \u00e0 chaque mill\u00e9sime pour produire des vins de grande qualit\u00e9.<\/p><p>L\u2019opportunit\u00e9 s\u2019est pr\u00e9sent\u00e9e \u00e0 nous en 2016, avec le Ch\u00e2teau Tour Saint-Fort, une propri\u00e9t\u00e9 familiale du XVIII\u00e8me si\u00e8cle, situ\u00e9e \u00e0 Saint-Est\u00e8phe. La passion du vin et de la vigne a su traverser les p\u00e9rip\u00e9ties de ces terres pendant plusieurs si\u00e8cles et l\u2019effort final donne \u00e0 ce fameux terroir une renaissance bien m\u00e9rit\u00e9e : <em>\u00ab\u00a0ce vignoble tr\u00e8s ancien a contribu\u00e9 pour sa part \u00e0 d\u00e9velopper en France et \u00e0 l&rsquo;\u00e9tranger la r\u00e9putation des vins du M\u00e9doc<\/em>\u00a0\u00bb<a href=\"#_ftn1\" name=\"_ftnref1\">[1]<\/a>\u00a0: les installations sont mises \u00e0 la hauteur du terroir tout en gardant un respect pour l\u2019environnement.<\/p>\t\t\t\t\t\t<\/div>\n\t\t\t\t<\/div>\n\t\t\t\t\t<\/div>\n\t\t<\/div>\n\t\t\t\t<div class=\"elementor-column elementor-col-50 elementor-inner-column elementor-element elementor-element-7e45a84\" data-id=\"7e45a84\" data-element_type=\"column\">\n\t\t\t<div class=\"elementor-widget-wrap elementor-element-populated\">\n\t\t\t\t\t\t<div class=\"elementor-element elementor-element-7a1a618 elementor-widget elementor-widget-text-editor\" data-id=\"7a1a618\" data-element_type=\"widget\" data-widget_type=\"text-editor.default\">\n\t\t\t\t<div class=\"elementor-widget-container\">\n\t\t\t\t\t\t\t<p>Toujours anim\u00e9 par la m\u00eame d\u00e9marche, nous avons \u00e9t\u00e9 s\u00e9duits, en 2017, par un passionn\u00e9, investit dans la reconstruction et le d\u00e9veloppement du Ch\u00e2teau Grand Ormeau \u00e0 Lalande de Pomerol. Ce vignoble avait fait l\u2019objet depuis la fin des ann\u00e9e 80 de toutes les attentions et investissements pour figurer parmi les meilleurs de son appellation. En cela nous avons prolong\u00e9 ce travail et tout a \u00e9t\u00e9 mis en \u0153uvre pour continuer \u00e0 parfaire la qualit\u00e9 de ses vins, et ce avec la m\u00eame exigence d\u2019excellence et de respect du terroir et de l\u2019environnement. <\/p><p>Le respect de notre environnement est en permanence pr\u00e9sent dans nos actes et nos d\u00e9cisions, ce qui nous permet de revendiquer un label ou une certification environnementale.<\/p><p>Que ce soit pour les partenariats historiques ou les nouveaux, cette relation privil\u00e9gi\u00e9e entre les propri\u00e9t\u00e9s et Nova Vineyards est bas\u00e9e sur une confiance mutuelle et sur la volont\u00e9 commune d\u2019\u00e9laborer de grands vins.<\/p>\t\t\t\t\t\t<\/div>\n\t\t\t\t<\/div>\n\t\t\t\t\t<\/div>\n\t\t<\/div>\n\t\t\t\t\t<\/div>\n\t\t<\/section>\n\t\t\t\t<section class=\"elementor-section elementor-inner-section elementor-element elementor-element-d22a876 elementor-section-boxed elementor-section-height-default elementor-section-height-default\" data-id=\"d22a876\" data-element_type=\"section\">\n\t\t\t\t\t\t<div class=\"elementor-container elementor-column-gap-default\">\n\t\t\t\t\t<div class=\"elementor-column elementor-col-100 elementor-inner-column elementor-element elementor-element-5aaf5d3\" data-id=\"5aaf5d3\" data-element_type=\"column\">\n\t\t\t<div class=\"elementor-widget-wrap elementor-element-populated\">\n\t\t\t\t\t\t<div class=\"elementor-element elementor-element-4c70600 elementor-widget elementor-widget-text-editor\" data-id=\"4c70600\" data-element_type=\"widget\" data-widget_type=\"text-editor.default\">\n\t\t\t\t<div class=\"elementor-widget-container\">\n\t\t\t\t\t\t\t<p><a href=\"#_ftnref1\" name=\"_ftn1\">[1]<\/a> COCKS Charles, FERET Edouard. Bordeaux et ses vins class\u00e9s par ordre de m\u00e9rite. Bordeaux : F\u00e9ret, 1922 (9e \u00e9dition). p. 280<\/p>\t\t\t\t\t\t<\/div>\n\t\t\t\t<\/div>\n\t\t\t\t\t<\/div>\n\t\t<\/div>\n\t\t\t\t\t<\/div>\n\t\t<\/section>\n\t\t\t\t<div class=\"elementor-element elementor-element-99220ba elementor-widget-divider--view-line elementor-widget elementor-widget-divider\" data-id=\"99220ba\" data-element_type=\"widget\" data-widget_type=\"divider.default\">\n\t\t\t\t<div class=\"elementor-widget-container\">\n\t\t\t\t\t<div class=\"elementor-divider\">\n\t\t\t<span class=\"elementor-divider-separator\">\n\t\t\t\t\t\t<\/span>\n\t\t<\/div>\n\t\t\t\t<\/div>\n\t\t\t\t<\/div>\n\t\t\t\t\t<\/div>\n\t\t<\/div>\n\t\t\t\t\t<\/div>\n\t\t<\/div>\n\t\t\t\t<\/div>\n\t\t","protected":false},"excerpt":{"rendered":"<p>NOVA Vineyards Une histoire d\u2019Hommes, de Femmes, de Terroirs et de D\u00e9fis Nous sommes avant tout des viticulteurs et propri\u00e9taires sur Bordeaux en appellation Saint-Est\u00e8phe et Lalande de Pomerol. Notre projet cherche \u00e0 r\u00e9pondre aux questions et demandes de nos clients. Aujourd&rsquo;hui, il est indispensable de pouvoir apporter des garanties d&rsquo;origine, de suivi, de qualit\u00e9, [&hellip;]<\/p>\n","protected":false},"author":1,"featured_media":0,"parent":6499,"menu_order":0,"comment_status":"closed","ping_status":"closed","template":"","meta":{"inline_featured_image":false,"footnotes":""},"class_list":["post-7302","page","type-page","status-publish","hentry"],"jetpack_sharing_enabled":true,"_links":{"self":[{"href":"https:\/\/nova-vineyards.fr\/index.php\/wp-json\/wp\/v2\/pages\/7302","targetHints":{"allow":["GET"]}}],"collection":[{"href":"https:\/\/nova-vineyards.fr\/index.php\/wp-json\/wp\/v2\/pages"}],"about":[{"href":"https:\/\/nova-vineyards.fr\/index.php\/wp-json\/wp\/v2\/types\/page"}],"author":[{"embeddable":true,"href":"https:\/\/nova-vineyards.fr\/index.php\/wp-json\/wp\/v2\/users\/1"}],"replies":[{"embeddable":true,"href":"https:\/\/nova-vineyards.fr\/index.php\/wp-json\/wp\/v2\/comments?post=7302"}],"version-history":[{"count":4,"href":"https:\/\/nova-vineyards.fr\/index.php\/wp-json\/wp\/v2\/pages\/7302\/revisions"}],"predecessor-version":[{"id":7310,"href":"https:\/\/nova-vineyards.fr\/index.php\/wp-json\/wp\/v2\/pages\/7302\/revisions\/7310"}],"up":[{"embeddable":true,"href":"https:\/\/nova-vineyards.fr\/index.php\/wp-json\/wp\/v2\/pages\/6499"}],"wp:attachment":[{"href":"https:\/\/nova-vineyards.fr\/index.php\/wp-json\/wp\/v2\/media?parent=7302"}],"curies":[{"name":"wp","href":"https:\/\/api.w.org\/{rel}","templated":true}]}}